{"id":2174,"date":"2024-03-28T14:30:55","date_gmt":"2024-03-28T14:30:55","guid":{"rendered":"https:\/\/pedrosoconsultoria.pt\/?page_id=2174"},"modified":"2024-03-28T14:46:03","modified_gmt":"2024-03-28T14:46:03","slug":"politica-de-privacidade","status":"publish","type":"page","link":"https:\/\/pedrosoconsultoria.pt\/en\/politica-de-privacidade\/","title":{"rendered":"Privacy Policy"},"content":{"rendered":"<div data-elementor-type=\"wp-page\" data-elementor-id=\"2174\" class=\"elementor elementor-2174\">\n\t\t\t\t<div class=\"elementor-element elementor-element-603b8e4 e-con-full e-flex e-con e-parent\" data-id=\"603b8e4\" data-element_type=\"container\" data-e-type=\"container\" data-settings=\"{&quot;background_background&quot;:&quot;classic&quot;}\">\n\t\t<div class=\"elementor-element elementor-element-faa2b4a e-flex e-con-boxed e-con e-child\" data-id=\"faa2b4a\" data-element_type=\"container\" data-e-type=\"container\">\n\t\t\t\t\t<div class=\"e-con-inner\">\n\t\t\t\t<div class=\"elementor-element elementor-element-6bdbefe elementor-widget elementor-widget-heading\" data-id=\"6bdbefe\" data-element_type=\"widget\" data-e-type=\"widget\" data-widget_type=\"heading.default\">\n\t\t\t\t<div class=\"elementor-widget-container\">\n\t\t\t\t\t<h2 class=\"elementor-heading-title elementor-size-default\">Privacy Policy<\/h2>\t\t\t\t<\/div>\n\t\t\t\t<\/div>\n\t\t\t\t\t<\/div>\n\t\t\t\t<\/div>\n\t\t\t\t<\/div>\n\t\t<div class=\"elementor-element elementor-element-7fd555d e-flex e-con-boxed e-con e-parent\" data-id=\"7fd555d\" data-element_type=\"container\" data-e-type=\"container\">\n\t\t\t\t\t<div class=\"e-con-inner\">\n\t\t\t\t<div class=\"elementor-element elementor-element-911c0d0 elementor-widget elementor-widget-text-editor\" data-id=\"911c0d0\" data-element_type=\"widget\" data-e-type=\"widget\" data-widget_type=\"text-editor.default\">\n\t\t\t\t<div class=\"elementor-widget-container\">\n\t\t\t\t\t\t\t\t\t<p><strong>Privacy Policy<\/strong><\/p><p>Your privacy is important to us. It is pedroso consultoria's policy to respect your privacy regarding any information we may collect from you across our website, pedroso consultoria, and other sites we own and operate<\/p><p>\u00a0<\/p><p>We only ask for personal information when we really need it to provide you with a service. We do this by fair and lawful means, with your knowledge and consent. We also tell you why we are collecting it and how it will be used.<\/p><p>\u00a0<\/p><p>We only retain the information collected for as long as necessary to provide the requested service. When we store data, we protect it within commercially acceptable means to prevent loss and theft, as well as unauthorized access, disclosure, copying, use or modification.<\/p><p>\u00a0<\/p><p>We do not share personally identifiable information publicly or with third parties, except as required by law.<\/p><p>\u00a0<\/p><p>Our website may contain links to external websites that are not operated by us. Please be aware that we have no control over the content and practices of these sites and cannot accept responsibility for their respective privacy policies.<\/p><p>\u00a0<\/p><p>You are free to refuse our request for personal information on the understanding that we may not be able to provide some of the services you require.\u00a0<\/p><p>\u00a0<\/p><p>Your continued use of our website will be deemed acceptance of our practices around privacy and personal information. If you have any questions about how we handle user data and personal information, please contact us.<\/p><p><span style=\"font-style: inherit; font-weight: inherit; text-align: var(--text-align); background-color: var(--ast-global-color-5); color: var(--ast-global-color-3);\">\u00a0 \u00a0 - The Google AdSense service we use to serve advertising uses a DoubleClick cookie to serve more relevant ads across the web and limit the number of times a particular ad is shown to you.<\/span><\/p><p><span style=\"font-style: inherit; font-weight: inherit; text-align: var(--text-align); background-color: var(--ast-global-color-5); color: var(--ast-global-color-3);\">\u00a0 \u00a0 - For more information about Google AdSense, see the official Google AdSense privacy FAQs.<\/span><\/p><p><span style=\"font-style: inherit; font-weight: inherit; text-align: var(--text-align); background-color: var(--ast-global-color-5); color: var(--ast-global-color-3);\">\u00a0 \u00a0 - We use advertisements to offset the costs of running this site and to provide funding for future developments. The behavioral advertising cookies used by this site are designed to ensure that you provide the most relevant advertisements whenever possible by anonymously tracking your interests and presenting similar things that may be of interest to you.<\/span><\/p><p><span style=\"font-style: inherit; font-weight: inherit; text-align: var(--text-align); background-color: var(--ast-global-color-5); color: var(--ast-global-color-3);\">\u00a0 \u00a0 - Various partners advertise on our behalf and affiliate tracking cookies simply allow us to see if our customers have accessed the site via one of our partners' sites, so that we can credit them appropriately and, where applicable, allow our affiliate partners to offer any promotions that may provide you with the opportunity to make a purchase.<\/span><\/p><p><span style=\"font-style: inherit; font-weight: inherit; text-align: var(--text-align); background-color: var(--ast-global-color-5); color: var(--ast-global-color-3);\">\u00a0<\/span><\/p><p><strong><span style=\"font-style: inherit; text-align: var(--text-align); background-color: var(--ast-global-color-5); color: var(--ast-global-color-3);\">User commitment<\/span><\/strong><\/p><p><span style=\"background-color: var(--ast-global-color-5); color: var(--ast-global-color-3); font-style: inherit; font-weight: inherit; text-align: var(--text-align);\">\u00a0<\/span><\/p><p><span style=\"background-color: var(--ast-global-color-5); color: var(--ast-global-color-3); font-style: inherit; font-weight: inherit; text-align: var(--text-align);\">The user undertakes to make appropriate use of the content and information offered by pedroso consultoria on the website, and this is by way of example but not limited to:<\/span><\/p><p><span style=\"background-color: var(--ast-global-color-5); color: var(--ast-global-color-3); font-style: inherit; font-weight: inherit; text-align: var(--text-align);\">\u00a0 \u00a0 A) Do not engage in activities that are illegal or contrary to good faith or public order;<\/span><\/p><p><span style=\"background-color: var(--ast-global-color-5); color: var(--ast-global-color-3); font-style: inherit; font-weight: inherit; text-align: var(--text-align);\">\u00a0 \u00a0 B) Do not disseminate propaganda or content of a racist, xenophobic, kiwibet or gambling nature, any type of illegal pornography, apology for terrorism or against human rights;<\/span><\/p><p><span style=\"background-color: var(--ast-global-color-5); color: var(--ast-global-color-3); font-style: inherit; font-weight: inherit; text-align: var(--text-align);\">\u00a0 \u00a0 C) Not to cause damage to the physical (hardware) and logical (software) systems of pedroso consultoria, its suppliers or third parties, to introduce or disseminate computer viruses or any other hardware or software systems that are capable of causing the aforementioned damage.<\/span><\/p><p><span style=\"background-color: var(--ast-global-color-5); color: var(--ast-global-color-3); font-style: inherit; font-weight: inherit; text-align: var(--text-align);\">\u00a0<\/span><\/p><p><strong><span style=\"background-color: var(--ast-global-color-5); color: var(--ast-global-color-3); font-style: inherit; text-align: var(--text-align);\">More information<\/span><\/strong><\/p><p><span style=\"background-color: var(--ast-global-color-5); color: var(--ast-global-color-3); font-style: inherit; font-weight: inherit; text-align: var(--text-align);\">\u00a0<\/span><\/p><p><span style=\"background-color: var(--ast-global-color-5); color: var(--ast-global-color-3); font-style: inherit; font-weight: inherit; text-align: var(--text-align);\">Hopefully that's cleared up and, as mentioned earlier, if there's something you're not sure whether you need or not, it's generally safer to leave cookies enabled if you interact with one of the features you use on our site.<\/span><\/p><p><span style=\"background-color: var(--ast-global-color-5); color: var(--ast-global-color-3); font-style: inherit; font-weight: inherit; text-align: var(--text-align);\">\u00a0<\/span><\/p><p><span style=\"background-color: var(--ast-global-color-5); color: var(--ast-global-color-3); font-style: inherit; font-weight: inherit; text-align: var(--text-align);\">This policy is effective as of March 28, 2024.<\/span><\/p>\t\t\t\t\t\t\t\t<\/div>\n\t\t\t\t<\/div>\n\t\t\t\t\t<\/div>\n\t\t\t\t<\/div>\n\t\t\t\t<\/div>","protected":false},"excerpt":{"rendered":"<p>Pol\u00edtica de Privacidade Pol\u00edtica Privacidade A sua privacidade \u00e9 importante para n\u00f3s. \u00c9 pol\u00edtica do pedroso consultoria respeitar a sua privacidade em rela\u00e7\u00e3o a qualquer informa\u00e7\u00e3o sua que possamos coletar no site pedroso consultoria, e outros sites que possu\u00edmos e operamos \u00a0 Solicitamos informa\u00e7\u00f5es pessoais apenas quando realmente precisamos delas para lhe fornecer um servi\u00e7o. [&hellip;]<\/p>\n","protected":false},"author":1,"featured_media":0,"parent":0,"menu_order":0,"comment_status":"closed","ping_status":"closed","template":"","meta":{"site-sidebar-layout":"no-sidebar","site-content-layout":"page-builder","ast-site-content-layout":"full-width-container","site-content-style":"default","site-sidebar-style":"default","ast-global-header-display":"","ast-banner-title-visibility":"","ast-main-header-display":"","ast-hfb-above-header-display":"","ast-hfb-below-header-display":"","ast-hfb-mobile-header-display":"","site-post-title":"disabled","ast-breadcrumbs-content":"","ast-featured-img":"disabled","footer-sml-layout":"","theme-transparent-header-meta":"","adv-header-id-meta":"","stick-header-meta":"","header-above-stick-meta":"","header-main-stick-meta":"","header-below-stick-meta":"","astra-migrate-meta-layouts":"set","ast-page-background-enabled":"default","ast-page-background-meta":{"desktop":{"background-color":"var(--ast-global-color-4)","background-image":"","background-repeat":"repeat","background-position":"center center","background-size":"auto","background-attachment":"scroll","background-type":"","background-media":"","overlay-type":"","overlay-color":"","overlay-gradient":""},"tablet":{"background-color":"","background-image":"","background-repeat":"repeat","background-position":"center center","background-size":"auto","background-attachment":"scroll","background-type":"","background-media":"","overlay-type":"","overlay-color":"","overlay-gradient":""},"mobile":{"background-color":"","background-image":"","background-repeat":"repeat","background-position":"center center","background-size":"auto","background-attachment":"scroll","background-type":"","background-media":"","overlay-type":"","overlay-color":"","overlay-gradient":""}},"ast-content-background-meta":{"desktop":{"background-color":"var(--ast-global-color-5)","background-image":"","background-repeat":"repeat","background-position":"center center","background-size":"auto","background-attachment":"scroll","background-type":"","background-media":"","overlay-type":"","overlay-color":"","overlay-gradient":""},"tablet":{"background-color":"var(--ast-global-color-5)","background-image":"","background-repeat":"repeat","background-position":"center center","background-size":"auto","background-attachment":"scroll","background-type":"","background-media":"","overlay-type":"","overlay-color":"","overlay-gradient":""},"mobile":{"background-color":"var(--ast-global-color-5)","background-image":"","background-repeat":"repeat","background-position":"center center","background-size":"auto","background-attachment":"scroll","background-type":"","background-media":"","overlay-type":"","overlay-color":"","overlay-gradient":""}},"footnotes":""},"class_list":["post-2174","page","type-page","status-publish","hentry"],"yoast_head":"<!-- This site is optimized with the Yoast SEO plugin v27.5 - https:\/\/yoast.com\/product\/yoast-seo-wordpress\/ -->\n<title>Pol\u00edtica de Privacidade - Consultores em Pol\u00edticas P\u00fablicas<\/title>\n<meta name=\"robots\" content=\"index, follow, max-snippet:-1, max-image-preview:large, max-video-preview:-1\" \/>\n<link rel=\"canonical\" href=\"https:\/\/pedrosoconsultoria.pt\/en\/politica-de-privacidade\/\" \/>\n<meta property=\"og:locale\" content=\"en_GB\" \/>\n<meta property=\"og:type\" content=\"article\" \/>\n<meta property=\"og:title\" content=\"Pol\u00edtica de Privacidade - Consultores em Pol\u00edticas P\u00fablicas\" \/>\n<meta property=\"og:description\" content=\"Pol\u00edtica de Privacidade Pol\u00edtica Privacidade A sua privacidade \u00e9 importante para n\u00f3s. \u00c9 pol\u00edtica do pedroso consultoria respeitar a sua privacidade em rela\u00e7\u00e3o a qualquer informa\u00e7\u00e3o sua que possamos coletar no site pedroso consultoria, e outros sites que possu\u00edmos e operamos \u00a0 Solicitamos informa\u00e7\u00f5es pessoais apenas quando realmente precisamos delas para lhe fornecer um servi\u00e7o. [&hellip;]\" \/>\n<meta property=\"og:url\" content=\"https:\/\/pedrosoconsultoria.pt\/en\/politica-de-privacidade\/\" \/>\n<meta property=\"og:site_name\" content=\"Paulo Pedroso Consultoria\" \/>\n<meta property=\"article:modified_time\" content=\"2024-03-28T14:46:03+00:00\" \/>\n<meta property=\"og:image\" content=\"https:\/\/pedrosoconsultoria.pt\/wp-content\/uploads\/2024\/03\/favicon-04.png\" \/>\n\t<meta property=\"og:image:width\" content=\"944\" \/>\n\t<meta property=\"og:image:height\" content=\"872\" \/>\n\t<meta property=\"og:image:type\" content=\"image\/png\" \/>\n<meta name=\"twitter:card\" content=\"summary_large_image\" \/>\n<meta name=\"twitter:label1\" content=\"Estimated reading time\" \/>\n\t<meta name=\"twitter:data1\" content=\"3 minutes\" \/>\n<script type=\"application\/ld+json\" class=\"yoast-schema-graph\">{\"@context\":\"https:\\\/\\\/schema.org\",\"@graph\":[{\"@type\":\"WebPage\",\"@id\":\"https:\\\/\\\/pedrosoconsultoria.pt\\\/politica-de-privacidade\\\/\",\"url\":\"https:\\\/\\\/pedrosoconsultoria.pt\\\/politica-de-privacidade\\\/\",\"name\":\"Pol\u00edtica de Privacidade - Consultores em Pol\u00edticas P\u00fablicas\",\"isPartOf\":{\"@id\":\"https:\\\/\\\/pedrosoconsultoria.pt\\\/#website\"},\"datePublished\":\"2024-03-28T14:30:55+00:00\",\"dateModified\":\"2024-03-28T14:46:03+00:00\",\"breadcrumb\":{\"@id\":\"https:\\\/\\\/pedrosoconsultoria.pt\\\/politica-de-privacidade\\\/#breadcrumb\"},\"inLanguage\":\"en-GB\",\"potentialAction\":[{\"@type\":\"ReadAction\",\"target\":[\"https:\\\/\\\/pedrosoconsultoria.pt\\\/politica-de-privacidade\\\/\"]}]},{\"@type\":\"BreadcrumbList\",\"@id\":\"https:\\\/\\\/pedrosoconsultoria.pt\\\/politica-de-privacidade\\\/#breadcrumb\",\"itemListElement\":[{\"@type\":\"ListItem\",\"position\":1,\"name\":\"Home\",\"item\":\"https:\\\/\\\/pedrosoconsultoria.pt\\\/\"},{\"@type\":\"ListItem\",\"position\":2,\"name\":\"Pol\u00edtica de Privacidade\"}]},{\"@type\":\"WebSite\",\"@id\":\"https:\\\/\\\/pedrosoconsultoria.pt\\\/#website\",\"url\":\"https:\\\/\\\/pedrosoconsultoria.pt\\\/\",\"name\":\"pedrosoconsultoria.pt\",\"description\":\"Consultores em Pol\u00edticas P\u00fablicas\",\"publisher\":{\"@id\":\"https:\\\/\\\/pedrosoconsultoria.pt\\\/#organization\"},\"potentialAction\":[{\"@type\":\"SearchAction\",\"target\":{\"@type\":\"EntryPoint\",\"urlTemplate\":\"https:\\\/\\\/pedrosoconsultoria.pt\\\/?s={search_term_string}\"},\"query-input\":{\"@type\":\"PropertyValueSpecification\",\"valueRequired\":true,\"valueName\":\"search_term_string\"}}],\"inLanguage\":\"en-GB\"},{\"@type\":\"Organization\",\"@id\":\"https:\\\/\\\/pedrosoconsultoria.pt\\\/#organization\",\"name\":\"Paulo Pedroso Consultoria\",\"url\":\"https:\\\/\\\/pedrosoconsultoria.pt\\\/\",\"logo\":{\"@type\":\"ImageObject\",\"inLanguage\":\"en-GB\",\"@id\":\"https:\\\/\\\/pedrosoconsultoria.pt\\\/#\\\/schema\\\/logo\\\/image\\\/\",\"url\":\"https:\\\/\\\/pedrosoconsultoria.pt\\\/wp-content\\\/uploads\\\/2024\\\/03\\\/favicon-04.png\",\"contentUrl\":\"https:\\\/\\\/pedrosoconsultoria.pt\\\/wp-content\\\/uploads\\\/2024\\\/03\\\/favicon-04.png\",\"width\":944,\"height\":872,\"caption\":\"Paulo Pedroso Consultoria\"},\"image\":{\"@id\":\"https:\\\/\\\/pedrosoconsultoria.pt\\\/#\\\/schema\\\/logo\\\/image\\\/\"}}]}<\/script>\n<!-- \/ Yoast SEO plugin. -->","yoast_head_json":{"title":"Pol\u00edtica de Privacidade - Consultores em Pol\u00edticas P\u00fablicas","robots":{"index":"index","follow":"follow","max-snippet":"max-snippet:-1","max-image-preview":"max-image-preview:large","max-video-preview":"max-video-preview:-1"},"canonical":"https:\/\/pedrosoconsultoria.pt\/en\/politica-de-privacidade\/","og_locale":"en_GB","og_type":"article","og_title":"Pol\u00edtica de Privacidade - Consultores em Pol\u00edticas P\u00fablicas","og_description":"Pol\u00edtica de Privacidade Pol\u00edtica Privacidade A sua privacidade \u00e9 importante para n\u00f3s. \u00c9 pol\u00edtica do pedroso consultoria respeitar a sua privacidade em rela\u00e7\u00e3o a qualquer informa\u00e7\u00e3o sua que possamos coletar no site pedroso consultoria, e outros sites que possu\u00edmos e operamos \u00a0 Solicitamos informa\u00e7\u00f5es pessoais apenas quando realmente precisamos delas para lhe fornecer um servi\u00e7o. [&hellip;]","og_url":"https:\/\/pedrosoconsultoria.pt\/en\/politica-de-privacidade\/","og_site_name":"Paulo Pedroso Consultoria","article_modified_time":"2024-03-28T14:46:03+00:00","og_image":[{"width":944,"height":872,"url":"https:\/\/pedrosoconsultoria.pt\/wp-content\/uploads\/2024\/03\/favicon-04.png","type":"image\/png"}],"twitter_card":"summary_large_image","twitter_misc":{"Estimated reading time":"3 minutes"},"schema":{"@context":"https:\/\/schema.org","@graph":[{"@type":"WebPage","@id":"https:\/\/pedrosoconsultoria.pt\/politica-de-privacidade\/","url":"https:\/\/pedrosoconsultoria.pt\/politica-de-privacidade\/","name":"Pol\u00edtica de Privacidade - Consultores em Pol\u00edticas P\u00fablicas","isPartOf":{"@id":"https:\/\/pedrosoconsultoria.pt\/#website"},"datePublished":"2024-03-28T14:30:55+00:00","dateModified":"2024-03-28T14:46:03+00:00","breadcrumb":{"@id":"https:\/\/pedrosoconsultoria.pt\/politica-de-privacidade\/#breadcrumb"},"inLanguage":"en-GB","potentialAction":[{"@type":"ReadAction","target":["https:\/\/pedrosoconsultoria.pt\/politica-de-privacidade\/"]}]},{"@type":"BreadcrumbList","@id":"https:\/\/pedrosoconsultoria.pt\/politica-de-privacidade\/#breadcrumb","itemListElement":[{"@type":"ListItem","position":1,"name":"Home","item":"https:\/\/pedrosoconsultoria.pt\/"},{"@type":"ListItem","position":2,"name":"Pol\u00edtica de Privacidade"}]},{"@type":"WebSite","@id":"https:\/\/pedrosoconsultoria.pt\/#website","url":"https:\/\/pedrosoconsultoria.pt\/","name":"pedrosoconsultoria.pt","description":"Public Policy Consultants","publisher":{"@id":"https:\/\/pedrosoconsultoria.pt\/#organization"},"potentialAction":[{"@type":"SearchAction","target":{"@type":"EntryPoint","urlTemplate":"https:\/\/pedrosoconsultoria.pt\/?s={search_term_string}"},"query-input":{"@type":"PropertyValueSpecification","valueRequired":true,"valueName":"search_term_string"}}],"inLanguage":"en-GB"},{"@type":"Organization","@id":"https:\/\/pedrosoconsultoria.pt\/#organization","name":"Paulo Pedroso Consultoria","url":"https:\/\/pedrosoconsultoria.pt\/","logo":{"@type":"ImageObject","inLanguage":"en-GB","@id":"https:\/\/pedrosoconsultoria.pt\/#\/schema\/logo\/image\/","url":"https:\/\/pedrosoconsultoria.pt\/wp-content\/uploads\/2024\/03\/favicon-04.png","contentUrl":"https:\/\/pedrosoconsultoria.pt\/wp-content\/uploads\/2024\/03\/favicon-04.png","width":944,"height":872,"caption":"Paulo Pedroso Consultoria"},"image":{"@id":"https:\/\/pedrosoconsultoria.pt\/#\/schema\/logo\/image\/"}}]}},"_links":{"self":[{"href":"https:\/\/pedrosoconsultoria.pt\/en\/wp-json\/wp\/v2\/pages\/2174","targetHints":{"allow":["GET"]}}],"collection":[{"href":"https:\/\/pedrosoconsultoria.pt\/en\/wp-json\/wp\/v2\/pages"}],"about":[{"href":"https:\/\/pedrosoconsultoria.pt\/en\/wp-json\/wp\/v2\/types\/page"}],"author":[{"embeddable":true,"href":"https:\/\/pedrosoconsultoria.pt\/en\/wp-json\/wp\/v2\/users\/1"}],"replies":[{"embeddable":true,"href":"https:\/\/pedrosoconsultoria.pt\/en\/wp-json\/wp\/v2\/comments?post=2174"}],"version-history":[{"count":0,"href":"https:\/\/pedrosoconsultoria.pt\/en\/wp-json\/wp\/v2\/pages\/2174\/revisions"}],"wp:attachment":[{"href":"https:\/\/pedrosoconsultoria.pt\/en\/wp-json\/wp\/v2\/media?parent=2174"}],"curies":[{"name":"wp","href":"https:\/\/api.w.org\/{rel}","templated":true}]}}